{"id":2,"date":"2020-11-04T09:42:28","date_gmt":"2020-11-04T08:42:28","guid":{"rendered":"http:\/\/do4you.se\/?page_id=2"},"modified":"2025-10-08T14:32:24","modified_gmt":"2025-10-08T12:32:24","slug":"exempelsida","status":"publish","type":"page","link":"https:\/\/do4you.se\/","title":{"rendered":"Startsida"},"content":{"rendered":"\t\t<div data-elementor-type=\"wp-page\" data-elementor-id=\"2\" class=\"elementor elementor-2\" data-elementor-post-type=\"page\">\n\t\t\t\t<div class=\"elementor-element elementor-element-5e60fbb e-flex e-con-boxed e-con e-parent\" data-id=\"5e60fbb\" data-element_type=\"container\">\n\t\t\t\t\t<div class=\"e-con-inner\">\n\t\t\t\t<div class=\"elementor-element elementor-element-760cafc elementor-widget elementor-widget-image\" data-id=\"760cafc\" data-element_type=\"widget\" data-widget_type=\"image.default\">\n\t\t\t\t<div class=\"elementor-widget-container\">\n\t\t\t\t\t\t\t\t\t\t\t\t\t<img fetchpriority=\"high\" decoding=\"async\" width=\"1024\" height=\"478\" src=\"https:\/\/do4you.se\/wp-content\/uploads\/2024\/09\/do4you-1024x478.png\" class=\"attachment-large size-large wp-image-117\" alt=\"\" srcset=\"https:\/\/do4you.se\/wp-content\/uploads\/2024\/09\/do4you-1024x478.png 1024w, https:\/\/do4you.se\/wp-content\/uploads\/2024\/09\/do4you-300x140.png 300w, https:\/\/do4you.se\/wp-content\/uploads\/2024\/09\/do4you-768x358.png 768w, https:\/\/do4you.se\/wp-content\/uploads\/2024\/09\/do4you-1536x717.png 1536w, https:\/\/do4you.se\/wp-content\/uploads\/2024\/09\/do4you-2048x956.png 2048w\" sizes=\"(max-width: 1024px) 100vw, 1024px\" \/>\t\t\t\t\t\t\t\t\t\t\t\t\t<\/div>\n\t\t\t\t<\/div>\n\t\t\t\t\t<\/div>\n\t\t\t\t<\/div>\n\t\t<div class=\"elementor-element elementor-element-6992c38 e-flex e-con-boxed e-con e-parent\" data-id=\"6992c38\" data-element_type=\"container\">\n\t\t\t\t\t<div class=\"e-con-inner\">\n\t\t<div class=\"elementor-element elementor-element-0b63d04 e-con-full e-flex e-con e-child\" data-id=\"0b63d04\" data-element_type=\"container\">\n\t\t\t\t<div class=\"elementor-element elementor-element-e39a671 elementor-widget elementor-widget-heading\" data-id=\"e39a671\" data-element_type=\"widget\" data-widget_type=\"heading.default\">\n\t\t\t\t<div class=\"elementor-widget-container\">\n\t\t\t<h2 class=\"elementor-heading-title elementor-size-default\">MARKARBETE<\/h2>\t\t<\/div>\n\t\t\t\t<\/div>\n\t\t\t\t<\/div>\n\t\t<div class=\"elementor-element elementor-element-69def6e e-con-full e-flex e-con e-child\" data-id=\"69def6e\" data-element_type=\"container\">\n\t\t\t\t<div class=\"elementor-element elementor-element-591957e elementor-widget elementor-widget-heading\" data-id=\"591957e\" data-element_type=\"widget\" data-widget_type=\"heading.default\">\n\t\t\t\t<div class=\"elementor-widget-container\">\n\t\t\t<h2 class=\"elementor-heading-title elementor-size-default\">PLOGNING<\/h2>\t\t<\/div>\n\t\t\t\t<\/div>\n\t\t\t\t<\/div>\n\t\t<div class=\"elementor-element elementor-element-41f03ee e-con-full e-flex e-con e-child\" data-id=\"41f03ee\" data-element_type=\"container\">\n\t\t\t\t<div class=\"elementor-element elementor-element-9664477 elementor-widget elementor-widget-heading\" data-id=\"9664477\" data-element_type=\"widget\" data-widget_type=\"heading.default\">\n\t\t\t\t<div class=\"elementor-widget-container\">\n\t\t\t<h2 class=\"elementor-heading-title elementor-size-default\">G\u00c5RDSPLANERING<\/h2>\t\t<\/div>\n\t\t\t\t<\/div>\n\t\t\t\t<\/div>\n\t\t\t\t\t<\/div>\n\t\t\t\t<\/div>\n\t\t<div class=\"elementor-element elementor-element-6d7ba9d e-flex e-con-boxed e-con e-parent\" data-id=\"6d7ba9d\" data-element_type=\"container\">\n\t\t\t\t\t<div class=\"e-con-inner\">\n\t\t\t\t<div class=\"elementor-element elementor-element-a5b1da2 elementor-widget elementor-widget-heading\" data-id=\"a5b1da2\" data-element_type=\"widget\" data-widget_type=\"heading.default\">\n\t\t\t\t<div class=\"elementor-widget-container\">\n\t\t\t<h2 class=\"elementor-heading-title elementor-size-default\">Sedan 2019 har Do4you erbjudit privatpersoner och f\u00f6retag hj\u00e4lp med allt fr\u00e5n sn\u00f6r\u00f6jning under vintertid till markarbete och g\u00e5rdsplanering under v\u00e5r\/sommar\/h\u00f6st.<\/h2>\t\t<\/div>\n\t\t\t\t<\/div>\n\t\t\t\t<div class=\"elementor-element elementor-element-707ca4a elementor-widget elementor-widget-spacer\" data-id=\"707ca4a\" data-element_type=\"widget\" data-widget_type=\"spacer.default\">\n\t\t\t\t<div class=\"elementor-widget-container\">\n\t\t\t\t\t<div class=\"elementor-spacer\">\n\t\t\t<div class=\"elementor-spacer-inner\"><\/div>\n\t\t<\/div>\n\t\t\t\t<\/div>\n\t\t\t\t<\/div>\n\t\t\t\t<div class=\"elementor-element elementor-element-d6f0fad elementor-widget elementor-widget-heading\" data-id=\"d6f0fad\" data-element_type=\"widget\" data-widget_type=\"heading.default\">\n\t\t\t\t<div class=\"elementor-widget-container\">\n\t\t\t<h2 class=\"elementor-heading-title elementor-size-default\">Sno\u0308ro\u0308jning i Lulea\u030a<\/h2>\t\t<\/div>\n\t\t\t\t<\/div>\n\t\t\t\t<div class=\"elementor-element elementor-element-204e9bd elementor-widget elementor-widget-heading\" data-id=\"204e9bd\" data-element_type=\"widget\" data-widget_type=\"heading.default\">\n\t\t\t\t<div class=\"elementor-widget-container\">\n\t\t\t<h2 class=\"elementor-heading-title elementor-size-default\">S\u00c4SONG 2025\/2026<\/h2>\t\t<\/div>\n\t\t\t\t<\/div>\n\t\t\t\t<div class=\"elementor-element elementor-element-30536d7 elementor-widget elementor-widget-text-editor\" data-id=\"30536d7\" data-element_type=\"widget\" data-widget_type=\"text-editor.default\">\n\t\t\t\t<div class=\"elementor-widget-container\">\n\t\t\t\t\t\t\t<p>Blir det h\u00e4r \u00e5ret som du ger dig sj\u00e4lv mer tid till roligare saker \u00e4n sn\u00f6r\u00f6jning, f\u00f6r vem k\u00e4nner inte igen att sn\u00f6n b\u00f6rjar falla igen precis efter att du blivit klar med sista sn\u00f6h\u00f6gen p\u00e5 g\u00e5rden? L\u00e4mna \u00f6ver sn\u00f6r\u00f6jningen till oss s\u00e5 f\u00e5r du mer tid till annat roligt.\u00a0 Vi erbjuder sn\u00f6r\u00f6jning p\u00e5 utvalda omr\u00e5den i Lule\u00e5.<\/p>\t\t\t\t\t\t<\/div>\n\t\t\t\t<\/div>\n\t\t\t\t\t<\/div>\n\t\t\t\t<\/div>\n\t\t<div class=\"elementor-element elementor-element-a403080 e-flex e-con-boxed e-con e-parent\" data-id=\"a403080\" data-element_type=\"container\">\n\t\t\t\t\t<div class=\"e-con-inner\">\n\t\t<div class=\"elementor-element elementor-element-9f1a71d e-con-full e-flex e-con e-child\" data-id=\"9f1a71d\" data-element_type=\"container\">\n\t\t\t\t<div class=\"elementor-element elementor-element-126e2b7 elementor-widget elementor-widget-text-editor\" data-id=\"126e2b7\" data-element_type=\"widget\" data-widget_type=\"text-editor.default\">\n\t\t\t\t<div class=\"elementor-widget-container\">\n\t\t\t\t\t\t\t<h3 style=\"text-align: center;\">Hur funkar det om man vill ha sn\u00f6r\u00f6jning?<\/h3><p>Under perioden <strong>1 november &#8211; 15april<\/strong> s\u00e5 erbjuder vi sn\u00f6r\u00f6jning. Vi p\u00e5b\u00f6rjar sn\u00f6skottningen efter att kommunen har k\u00f6rt sitt plogvarv och\u00a0 tagit gatorna d\u00e4r du bor. Vi f\u00e5r en notis n\u00e4r kommunen drar ig\u00e5ng p\u00e5 ert omr\u00e5de och sedan \u00e4r det upp och iv\u00e4g f\u00f6r oss som g\u00e4ller. G\u00e5ng- och cykelv\u00e4gar ligger f\u00f6re i kommunens prioriteringsgrad \u00e4n vad villakvarter &#8211; vilket kan inneb\u00e4ra att cykelv\u00e4gen bredvid er \u00e4r plogad innan deras rutt f\u00f6r gatorna i kvarteret k\u00f6r ig\u00e5ng. Kommunen brukar k\u00f6ra ig\u00e5ng plogning av villakvarter n\u00e4r sn\u00f6n ligger p\u00e5 en niv\u00e5 mellan 4-6cm &#8211; men detta kan s\u00e5klart variera. <a href=\"https:\/\/www.lulea.se\/boende--gator\/gator-och-trafik\/snorojning.html#startkriterier-fC3B6r20plogning\">Vill du l\u00e4sa mer om kommunens plogning kan du g\u00f6ra det h\u00e4r.<\/a><\/p><p>P\u00e5 grund av s\u00e4krare k\u00f6rning &#8211; sker en stor del av sn\u00f6r\u00f6jningen under kv\u00e4llstid n\u00e4r det \u00e4r mindre trafikanter och framf\u00f6rallt mindre barn i farten.<\/p>\t\t\t\t\t\t<\/div>\n\t\t\t\t<\/div>\n\t\t\t\t<div class=\"elementor-element elementor-element-1b32453 elementor-widget elementor-widget-text-editor\" data-id=\"1b32453\" data-element_type=\"widget\" data-widget_type=\"text-editor.default\">\n\t\t\t\t<div class=\"elementor-widget-container\">\n\t\t\t\t\t\t\t<h3 style=\"text-align: center;\">M\u00e5ste man v\u00e4lja hel\u00e5rs-abonnemang f\u00f6r plogning?<\/h3><p>Vi erbjuder abonnemang f\u00f6r perioden 1november &#8211; 15april &#8211; vilket \u00e4r det vanligaste folk v\u00e4ljer. Men om man \u00f6nskar att endast boka enstaka k\u00f6rningar s\u00e5 funkar det utm\u00e4rkt \u00e4ven det &#8211; kontakta oss f\u00f6r mer information i s\u00e5nt fall.<\/p>\t\t\t\t\t\t<\/div>\n\t\t\t\t<\/div>\n\t\t\t\t<\/div>\n\t\t<div class=\"elementor-element elementor-element-f5a1d78 e-con-full e-flex e-con e-child\" data-id=\"f5a1d78\" data-element_type=\"container\" data-settings=\"{&quot;background_background&quot;:&quot;gradient&quot;}\">\n\t\t\t\t<div class=\"elementor-element elementor-element-52447ae elementor-widget elementor-widget-spacer\" data-id=\"52447ae\" data-element_type=\"widget\" data-widget_type=\"spacer.default\">\n\t\t\t\t<div class=\"elementor-widget-container\">\n\t\t\t\t\t<div class=\"elementor-spacer\">\n\t\t\t<div class=\"elementor-spacer-inner\"><\/div>\n\t\t<\/div>\n\t\t\t\t<\/div>\n\t\t\t\t<\/div>\n\t\t\t\t<div class=\"elementor-element elementor-element-69f0d62 elementor-widget elementor-widget-heading\" data-id=\"69f0d62\" data-element_type=\"widget\" data-widget_type=\"heading.default\">\n\t\t\t\t<div class=\"elementor-widget-container\">\n\t\t\t<h2 class=\"elementor-heading-title elementor-size-default\">STARTKRITERIER F\u00d6R SN\u00d6PLOGNING!<\/h2>\t\t<\/div>\n\t\t\t\t<\/div>\n\t\t\t\t<div class=\"elementor-element elementor-element-4ee14d4 elementor-widget elementor-widget-text-editor\" data-id=\"4ee14d4\" data-element_type=\"widget\" data-widget_type=\"text-editor.default\">\n\t\t\t\t<div class=\"elementor-widget-container\">\n\t\t\t\t\t\t\t<p>&#8211; Vi p\u00e5b\u00f6rjar plogningen EFTER att Kommunen har k\u00f6rt ig\u00e5ng plogningen. <br \/>&#8211; Plogningen brukar ofta p\u00e5b\u00f6rjas n\u00e4r det \u00e4r en sn\u00f6niv\u00e5 p\u00e5 4-6cm.<\/p><p>&#8211; K\u00f6rning sker till st\u00f6rsta del kv\u00e4llstid. Detta f\u00f6r en s\u00e4krare k\u00f6rning n\u00e4r det \u00e4r mindre barn och trafikanter i farten.<\/p>\t\t\t\t\t\t<\/div>\n\t\t\t\t<\/div>\n\t\t\t\t<\/div>\n\t\t\t\t\t<\/div>\n\t\t\t\t<\/div>\n\t\t<div class=\"elementor-element elementor-element-40ff69e e-flex e-con-boxed e-con e-parent\" data-id=\"40ff69e\" data-element_type=\"container\">\n\t\t\t\t\t<div class=\"e-con-inner\">\n\t\t\t\t<div class=\"elementor-element elementor-element-6b1e70e elementor-widget elementor-widget-text-editor\" data-id=\"6b1e70e\" data-element_type=\"widget\" data-widget_type=\"text-editor.default\">\n\t\t\t\t<div class=\"elementor-widget-container\">\n\t\t\t\t\t\t\t<h3>Bra att veta inf\u00f6r plogningen.<\/h3>\n<p>\u2666 Sn\u00f6n placeras p\u00e5 er tomt, om inget annat \u00e4r \u00f6verenskommet innan.<\/p>\n<p>\u2666 Plogningen avser uppfart f\u00f6r tv\u00e5 personbilar, \u00f6nskas mer \u00e4n det, beg\u00e4r prisoffert.<\/p>\n<p>\u2666 Borttagning av sn\u00f6 fr\u00e5n Takskottning\/takras ing\u00e5r inte i abonnemanget, men kan k\u00f6pas till separat.<\/p>\n<p>\u2666&nbsp; T\u00e4nk p\u00e5 att m\u00e4rka upp buskar &#8211; kantstenar- brevl\u00e5dor och andra \u00f6mt\u00e5liga saker noggrant med plogpinnar. Det \u00e4r om\u00f6jligt f\u00f6r oss att veta vart de ligger under m\u00e4ngder av sn\u00f6.<\/p>\n<p>\u2666 Meddela i god tid innan om ni har plattor p\u00e5 uppfarten s\u00e5 att vi \u00e4r medvetna om det.<\/p>\n<p>\u2666&nbsp; D\u00e5 vi erbjuder ett begr\u00e4nsat antal sn\u00f6plogningar per s\u00e4song \u00e4r det viktigt att vara ute i god tid. Hur mycket vi \u00e4n vill hj\u00e4lpa alla s\u00e5 \u00e4r sn\u00f6plogning en tidskr\u00e4vande punkt och d\u00e4rf\u00f6r blir det \u00e4ven begr\u00e4nsat antal kunder\/S\u00e4song.<\/p>\n<p>\u2666&nbsp; Avtalsperiod 1 november 2025 &#8211; 15 april 2026.<\/p>\n<p>&nbsp;\u2666&nbsp; Du ska i god tid ha markerat upp din tomt med bl\u00e5a plogpinnar &#8211; har du inga bl\u00e5a plogpinnar sedan innan?&nbsp;<br>Kontakta H\u00e5kan L\u00f6vbrand, 070-6584842 f\u00f6r att f\u00e5 tillg\u00e5ng till dessa<\/p>\t\t\t\t\t\t<\/div>\n\t\t\t\t<\/div>\n\t\t\t\t\t<\/div>\n\t\t\t\t<\/div>\n\t\t<div class=\"elementor-element elementor-element-f68e032 e-flex e-con-boxed e-con e-parent\" data-id=\"f68e032\" data-element_type=\"container\">\n\t\t\t\t\t<div class=\"e-con-inner\">\n\t\t<div class=\"elementor-element elementor-element-3bd6b41 e-con-full e-flex e-con e-child\" data-id=\"3bd6b41\" data-element_type=\"container\">\n\t\t\t\t<div class=\"elementor-element elementor-element-ef194a7 elementor-widget elementor-widget-image\" data-id=\"ef194a7\" data-element_type=\"widget\" data-widget_type=\"image.default\">\n\t\t\t\t<div class=\"elementor-widget-container\">\n\t\t\t\t\t\t\t\t\t\t\t\t\t<img decoding=\"async\" width=\"1000\" height=\"1000\" src=\"https:\/\/do4you.se\/wp-content\/uploads\/2024\/09\/do4you1.png\" class=\"attachment-large size-large wp-image-142\" alt=\"\" srcset=\"https:\/\/do4you.se\/wp-content\/uploads\/2024\/09\/do4you1.png 1000w, https:\/\/do4you.se\/wp-content\/uploads\/2024\/09\/do4you1-300x300.png 300w, https:\/\/do4you.se\/wp-content\/uploads\/2024\/09\/do4you1-150x150.png 150w, https:\/\/do4you.se\/wp-content\/uploads\/2024\/09\/do4you1-768x768.png 768w, https:\/\/do4you.se\/wp-content\/uploads\/2024\/09\/do4you1-600x600.png 600w\" sizes=\"(max-width: 1000px) 100vw, 1000px\" \/>\t\t\t\t\t\t\t\t\t\t\t\t\t<\/div>\n\t\t\t\t<\/div>\n\t\t\t\t<\/div>\n\t\t<div class=\"elementor-element elementor-element-a8ea5d1 e-con-full e-flex e-con e-child\" data-id=\"a8ea5d1\" data-element_type=\"container\">\n\t\t\t\t<div class=\"elementor-element elementor-element-f87ba81 elementor-widget elementor-widget-heading\" data-id=\"f87ba81\" data-element_type=\"widget\" data-widget_type=\"heading.default\">\n\t\t\t\t<div class=\"elementor-widget-container\">\n\t\t\t<h2 class=\"elementor-heading-title elementor-size-default\">HUR BOKAR VI PLOGNING? <\/h2>\t\t<\/div>\n\t\t\t\t<\/div>\n\t\t\t\t<div class=\"elementor-element elementor-element-27e1912 elementor-widget elementor-widget-text-editor\" data-id=\"27e1912\" data-element_type=\"widget\" data-widget_type=\"text-editor.default\">\n\t\t\t\t<div class=\"elementor-widget-container\">\n\t\t\t\t\t\t\t<p>AVTALSPERIODEN STR\u00c4CKER SIG FR\u00c5N 1 NOVEMBER 2025 &#8211; 15 APRIL 2026.<\/p>\t\t\t\t\t\t<\/div>\n\t\t\t\t<\/div>\n\t\t\t\t<div class=\"elementor-element elementor-element-349acd9 elementor-widget elementor-widget-text-editor\" data-id=\"349acd9\" data-element_type=\"widget\" data-widget_type=\"text-editor.default\">\n\t\t\t\t<div class=\"elementor-widget-container\">\n\t\t\t\t\t\t\t<p>Vi erbjuder Plogning p\u00e5 H\u00e4llbacken\/Dalbo<\/p>\t\t\t\t\t\t<\/div>\n\t\t\t\t<\/div>\n\t\t\t\t<div class=\"elementor-element elementor-element-cf450a9 elementor-widget elementor-widget-heading\" data-id=\"cf450a9\" data-element_type=\"widget\" data-widget_type=\"heading.default\">\n\t\t\t\t<div class=\"elementor-widget-container\">\n\t\t\t<h2 class=\"elementor-heading-title elementor-size-default\">Pris \u00e4r fr\u00e5n 3000kr efter RUT-avdrag. <\/h2>\t\t<\/div>\n\t\t\t\t<\/div>\n\t\t\t\t<div class=\"elementor-element elementor-element-67a923b elementor-widget elementor-widget-text-editor\" data-id=\"67a923b\" data-element_type=\"widget\" data-widget_type=\"text-editor.default\">\n\t\t\t\t<div class=\"elementor-widget-container\">\n\t\t\t\t\t\t\t<p>Pris utan RUT- 6000kr.<\/p>\t\t\t\t\t\t<\/div>\n\t\t\t\t<\/div>\n\t\t\t\t<div class=\"elementor-element elementor-element-64e3817 elementor-widget elementor-widget-text-editor\" data-id=\"64e3817\" data-element_type=\"widget\" data-widget_type=\"text-editor.default\">\n\t\t\t\t<div class=\"elementor-widget-container\">\n\t\t\t\t\t\t\t<p>Kontakta H\u00e5kan L\u00f6vbrand f\u00f6r exakt pris g\u00e4llande just er g\u00e5rd.<\/p><p><a href=\"tel:0706584842\">070-6584842<\/a><\/p>\t\t\t\t\t\t<\/div>\n\t\t\t\t<\/div>\n\t\t\t\t<div class=\"elementor-element elementor-element-953d77f elementor-widget elementor-widget-heading\" data-id=\"953d77f\" data-element_type=\"widget\" data-widget_type=\"heading.default\">\n\t\t\t\t<div class=\"elementor-widget-container\">\n\t\t\t<h2 class=\"elementor-heading-title elementor-size-default\">Om Do4You<\/h2>\t\t<\/div>\n\t\t\t\t<\/div>\n\t\t\t\t<div class=\"elementor-element elementor-element-26d6f14 elementor-widget elementor-widget-text-editor\" data-id=\"26d6f14\" data-element_type=\"widget\" data-widget_type=\"text-editor.default\">\n\t\t\t\t<div class=\"elementor-widget-container\">\n\t\t\t\t\t\t\t<p>Bolaget bakom do4yoy \u00e4r Gotterian partners AB och har\u00a0 sedan 2019 erbjudit sn\u00f6plogning, markarbeten och g\u00e5rdsplanering. <\/p>\t\t\t\t\t\t<\/div>\n\t\t\t\t<\/div>\n\t\t\t\t<\/div>\n\t\t\t\t\t<\/div>\n\t\t\t\t<\/div>\n\t\t\t\t<\/div>\n\t\t","protected":false},"excerpt":{"rendered":"<p>MARKARBETE PLOGNING G\u00c5RDSPLANERING Sedan 2019 har Do4you erbjudit privatpersoner och f\u00f6retag hj\u00e4lp med allt fr\u00e5n sn\u00f6r\u00f6jning under vintertid till markarbete och g\u00e5rdsplanering under v\u00e5r\/sommar\/h\u00f6st. Sno\u0308ro\u0308jning i Lulea\u030a S\u00c4SONG 2025\/2026 Blir det h\u00e4r \u00e5ret som du ger dig sj\u00e4lv mer tid till roligare saker \u00e4n sn\u00f6r\u00f6jning, f\u00f6r vem k\u00e4nner inte igen att sn\u00f6n b\u00f6rjar falla igen [&hellip;]<\/p>\n","protected":false},"author":1,"featured_media":0,"parent":0,"menu_order":0,"comment_status":"closed","ping_status":"open","template":"elementor_header_footer","meta":{"ocean_post_layout":"","ocean_both_sidebars_style":"","ocean_both_sidebars_content_width":0,"ocean_both_sidebars_sidebars_width":0,"ocean_sidebar":"","ocean_second_sidebar":"","ocean_disable_margins":"enable","ocean_add_body_class":"","ocean_shortcode_before_top_bar":"","ocean_shortcode_after_top_bar":"","ocean_shortcode_before_header":"","ocean_shortcode_after_header":"","ocean_has_shortcode":"","ocean_shortcode_after_title":"","ocean_shortcode_before_footer_widgets":"","ocean_shortcode_after_footer_widgets":"","ocean_shortcode_before_footer_bottom":"","ocean_shortcode_after_footer_bottom":"","ocean_display_top_bar":"default","ocean_display_header":"default","ocean_header_style":"","ocean_center_header_left_menu":"","ocean_custom_header_template":"","ocean_custom_logo":0,"ocean_custom_retina_logo":0,"ocean_custom_logo_max_width":0,"ocean_custom_logo_tablet_max_width":0,"ocean_custom_logo_mobile_max_width":0,"ocean_custom_logo_max_height":0,"ocean_custom_logo_tablet_max_height":0,"ocean_custom_logo_mobile_max_height":0,"ocean_header_custom_menu":"","ocean_menu_typo_font_family":"","ocean_menu_typo_font_subset":"","ocean_menu_typo_font_size":0,"ocean_menu_typo_font_size_tablet":0,"ocean_menu_typo_font_size_mobile":0,"ocean_menu_typo_font_size_unit":"px","ocean_menu_typo_font_weight":"","ocean_menu_typo_font_weight_tablet":"","ocean_menu_typo_font_weight_mobile":"","ocean_menu_typo_transform":"","ocean_menu_typo_transform_tablet":"","ocean_menu_typo_transform_mobile":"","ocean_menu_typo_line_height":0,"ocean_menu_typo_line_height_tablet":0,"ocean_menu_typo_line_height_mobile":0,"ocean_menu_typo_line_height_unit":"","ocean_menu_typo_spacing":0,"ocean_menu_typo_spacing_tablet":0,"ocean_menu_typo_spacing_mobile":0,"ocean_menu_typo_spacing_unit":"","ocean_menu_link_color":"","ocean_menu_link_color_hover":"","ocean_menu_link_color_active":"","ocean_menu_link_background":"","ocean_menu_link_hover_background":"","ocean_menu_link_active_background":"","ocean_menu_social_links_bg":"","ocean_menu_social_hover_links_bg":"","ocean_menu_social_links_color":"","ocean_menu_social_hover_links_color":"","ocean_disable_title":"on","ocean_disable_heading":"default","ocean_post_title":"","ocean_post_subheading":"","ocean_post_title_style":"","ocean_post_title_background_color":"","ocean_post_title_background":0,"ocean_post_title_bg_image_position":"","ocean_post_title_bg_image_attachment":"","ocean_post_title_bg_image_repeat":"","ocean_post_title_bg_image_size":"","ocean_post_title_height":0,"ocean_post_title_bg_overlay":0.5,"ocean_post_title_bg_overlay_color":"","ocean_disable_breadcrumbs":"default","ocean_breadcrumbs_color":"","ocean_breadcrumbs_separator_color":"","ocean_breadcrumbs_links_color":"","ocean_breadcrumbs_links_hover_color":"","ocean_display_footer_widgets":"default","ocean_display_footer_bottom":"default","ocean_custom_footer_template":"","footnotes":""},"class_list":["post-2","page","type-page","status-publish","hentry","entry"],"_links":{"self":[{"href":"https:\/\/do4you.se\/index.php\/wp-json\/wp\/v2\/pages\/2"}],"collection":[{"href":"https:\/\/do4you.se\/index.php\/wp-json\/wp\/v2\/pages"}],"about":[{"href":"https:\/\/do4you.se\/index.php\/wp-json\/wp\/v2\/types\/page"}],"author":[{"embeddable":true,"href":"https:\/\/do4you.se\/index.php\/wp-json\/wp\/v2\/users\/1"}],"replies":[{"embeddable":true,"href":"https:\/\/do4you.se\/index.php\/wp-json\/wp\/v2\/comments?post=2"}],"version-history":[{"count":85,"href":"https:\/\/do4you.se\/index.php\/wp-json\/wp\/v2\/pages\/2\/revisions"}],"predecessor-version":[{"id":171,"href":"https:\/\/do4you.se\/index.php\/wp-json\/wp\/v2\/pages\/2\/revisions\/171"}],"wp:attachment":[{"href":"https:\/\/do4you.se\/index.php\/wp-json\/wp\/v2\/media?parent=2"}],"curies":[{"name":"wp","href":"https:\/\/api.w.org\/{rel}","templated":true}]}}